{"id":2011,"date":"2019-12-06T09:40:57","date_gmt":"2019-12-06T09:40:57","guid":{"rendered":"https:\/\/demoapus2.com\/rekon\/?page_id=2011"},"modified":"2023-10-06T10:23:24","modified_gmt":"2023-10-06T07:23:24","slug":"faq","status":"publish","type":"page","link":"https:\/\/mayhoscatering.com\/?page_id=2011","title":{"rendered":"Hizmetlerimiz"},"content":{"rendered":"<h2>Hizmetlerimiz<\/h2>\n<style>\/*! elementor - v3.16.0 - 20-09-2023 *\/\n.elementor-accordion{text-align:left}.elementor-accordion .elementor-accordion-item{border:1px solid #d5d8dc}.elementor-accordion .elementor-accordion-item+.elementor-accordion-item{border-top:none}.elementor-accordion .elementor-tab-title{margin:0;padding:15px 20px;font-weight:700;line-height:1;cursor:pointer;outline:none}.elementor-accordion .elementor-tab-title .elementor-accordion-icon{display:inline-block;width:1.5em}.elementor-accordion .elementor-tab-title .elementor-accordion-icon svg{width:1em;height:1em}.elementor-accordion .elementor-tab-title .elementor-accordion-icon.elementor-accordion-icon-right{float:right;text-align:right}.elementor-accordion .elementor-tab-title .elementor-accordion-icon.elementor-accordion-icon-left{float:left;text-align:left}.elementor-accordion .elementor-tab-title .elementor-accordion-icon .elementor-accordion-icon-closed{display:block}.elementor-accordion .elementor-tab-title .elementor-accordion-icon .elementor-accordion-icon-opened,.elementor-accordion .elementor-tab-title.elementor-active .elementor-accordion-icon-closed{display:none}.elementor-accordion .elementor-tab-title.elementor-active .elementor-accordion-icon-opened{display:block}.elementor-accordion .elementor-tab-content{display:none;padding:15px 20px;border-top:1px solid #d5d8dc}@media (max-width:767px){.elementor-accordion .elementor-tab-title{padding:12px 15px}.elementor-accordion .elementor-tab-title .elementor-accordion-icon{width:1.2em}.elementor-accordion .elementor-tab-content{padding:7px 15px}}.e-con-inner>.elementor-widget-accordion,.e-con>.elementor-widget-accordion{width:var(--container-widget-width);--flex-grow:var(--container-widget-flex-grow)}<\/style>\n<p>\t\t\t\t\t\t\t\t\t\t\t\t<a tabindex=\"0\">YER\u0130NDE YEMEK H\u0130ZMETLER\u0130<\/a><br \/>\n\t\t\t\t\tMAYHO\u015e CATERING, kendi mutfa\u011f\u0131 olan kurum ve i\u015fletmelerde, proje m\u00fcd\u00fcrlerimiz taraf\u0131ndan koordine edilen sistem i\u015fleyi\u015fi kurularak, men\u00fc planlamas\u0131, sat\u0131n alma, \u00fcretim, mutfak ve yemekhane d\u00fczeni, hijyen, temizlik. personel temini ve e\u011fitimi dahil, emek ihtiyac\u0131n\u0131n planlanmas\u0131ndan, servisine kadar t\u00fcm s\u00fcrecin sorumlulu\u011funu \u00fcstlenmekteyiz. Ayn\u0131 zamanda, firmam\u0131z\u0131n sahip oldu\u011fu kalite sistem belgelerimizin devaml\u0131l\u0131\u011f\u0131n\u0131 sa\u011flamak amac\u0131yla, \u00fcretim yapt\u0131\u011f\u0131m\u0131z her projede, kalite sistem prosed\u00fcrleri uygulanarak, sistemi d\u00fczenli olarak do\u011frulanmaktad\u0131r.<br \/>\n\t\t\t\t\t\t\t\t\t\t\t\t<a tabindex=\"0\">TA\u015eIMA YEMEK H\u0130ZMETLER\u0130<\/a><br \/>\n\t\t\t\t\tMAYHO\u015e CATERING, b\u00fcnyesinde yemek \u00fcretimi yap\u0131labilecek bir alan\u0131n olmamas\u0131 durumunda Ta\u015f\u0131ma Yemek H\u0131zmetimiz devreye girer. Yeme\u011fin sunulaca\u011f\u0131 mekan\u0131n ve servis ekipmanlar\u0131n\u0131n eksiklikleri varsa bunlar tespit edilerek bunlar\u0131n ne \u015fekilde giderilece\u011fi kar\u015f\u0131l\u0131kl\u0131 olarak belirlenir.<br \/>\nBu eksiklikler en k\u0131sa s\u00fcre giderilir. Eksikliklerin giderilmes\u0131yle merkez mutfa\u011f\u0131m\u0131zda haz\u0131rlanan yemekler thermobox (\u0131s\u0131 koruyucu ambalaj) ile size ula\u015ft\u0131r\u0131l\u0131r.<br \/>\n\t\t\t\t\t\t\t\t\t\t\t\t<a tabindex=\"0\">CATER\u0130NG H\u0130ZMETLER\u0130<\/a><br \/>\n\t\t\t\t\t1.Kokteyl Yemek Organizasyonu<\/p>\n<p>2.Parti Yemek Organizasyonu<\/p>\n<p>3.Garden Parti Yemek Organizasyonu<\/p>\n<p>4.Ni\u015fan, D\u00fc\u011f\u00fcn Yemek Organizasyonu<\/p>\n<p>5.S\u00fcnnet D\u00fc\u011f\u00fcn\u00fc Yemek Organizasyonu<\/p>\n<p>6.Fuar Yemek Organizasyonu<\/p>\n<p>7.Sergi Yemek Organizasyonu<\/p>\n<p>8.Seminer Yemek Organizasyonu<\/p>\n<p>9.Yat Gezisi Yemek Organizasyonu<\/p>\n<p>10.A\u00e7\u0131l\u0131\u015f Yemek Organizasyonu<\/p>\n<p>11.\u0130\u015f Toplant\u0131s\u0131 Yemek Organizasyonu<\/p>\n<p>12.Do\u011fum G\u00fcn\u00fc Yemek Organizasyonu<\/p>\n<p>13.\u015eenlik Yemek Organizasyonu<\/p>\n<p>14.\u0130ftar Yemek vb. Organizasyonlar\u0131<\/p>\n","protected":false},"excerpt":{"rendered":"<p>Hizmetlerimiz YER\u0130NDE YEMEK H\u0130ZMETLER\u0130 MAYHO\u015e CATERING, kendi mutfa\u011f\u0131 olan kurum ve i\u015fletmelerde, proje m\u00fcd\u00fcrlerimiz taraf\u0131ndan koordine edilen sistem i\u015fleyi\u015fi kurularak, men\u00fc planlamas\u0131, sat\u0131n alma, \u00fcretim, mutfak ve yemekhane d\u00fczeni, hijyen, temizlik. personel temini ve e\u011fitimi dahil, emek ihtiyac\u0131n\u0131n planlanmas\u0131ndan, servisine kadar t\u00fcm s\u00fcrecin sorumlulu\u011funu \u00fcstlenmekteyiz. Ayn\u0131 zamanda, firmam\u0131z\u0131n sahip oldu\u011fu kalite sistem belgelerimizin devaml\u0131l\u0131\u011f\u0131n\u0131 sa\u011flamak &hellip; <br \/><a href=\"https:\/\/mayhoscatering.com\/?page_id=2011\" class=\"more-link\">Continue reading <span class=\"screen-reader-text\">Hizmetlerimiz<\/span><\/a><\/p>\n","protected":false},"author":1,"featured_media":0,"parent":0,"menu_order":0,"comment_status":"closed","ping_status":"closed","template":"","meta":{"footnotes":""},"class_list":["post-2011","page","type-page","status-publish","hentry"],"_links":{"self":[{"href":"https:\/\/mayhoscatering.com\/index.php?rest_route=\/wp\/v2\/pages\/2011","targetHints":{"allow":["GET"]}}],"collection":[{"href":"https:\/\/mayhoscatering.com\/index.php?rest_route=\/wp\/v2\/pages"}],"about":[{"href":"https:\/\/mayhoscatering.com\/index.php?rest_route=\/wp\/v2\/types\/page"}],"author":[{"embeddable":true,"href":"https:\/\/mayhoscatering.com\/index.php?rest_route=\/wp\/v2\/users\/1"}],"replies":[{"embeddable":true,"href":"https:\/\/mayhoscatering.com\/index.php?rest_route=%2Fwp%2Fv2%2Fcomments&post=2011"}],"version-history":[{"count":39,"href":"https:\/\/mayhoscatering.com\/index.php?rest_route=\/wp\/v2\/pages\/2011\/revisions"}],"predecessor-version":[{"id":4640,"href":"https:\/\/mayhoscatering.com\/index.php?rest_route=\/wp\/v2\/pages\/2011\/revisions\/4640"}],"wp:attachment":[{"href":"https:\/\/mayhoscatering.com\/index.php?rest_route=%2Fwp%2Fv2%2Fmedia&parent=2011"}],"curies":[{"name":"wp","href":"https:\/\/api.w.org\/{rel}","templated":true}]}}