{"id":352,"date":"2019-11-15T02:29:36","date_gmt":"2019-11-15T02:29:36","guid":{"rendered":"https:\/\/demoapus2.com\/rekon\/?page_id=352"},"modified":"2023-10-10T10:42:53","modified_gmt":"2023-10-10T07:42:53","slug":"home-2","status":"publish","type":"page","link":"https:\/\/mayhoscatering.com\/","title":{"rendered":"Anasayfa"},"content":{"rendered":"<style>\/*! elementor - v3.16.0 - 20-09-2023 *\/<br \/>\n.elementor-heading-title{padding:0;margin:0;line-height:1}.elementor-widget-heading .elementor-heading-title[class*=elementor-size-]>a{color:inherit;font-size:inherit;line-height:inherit}.elementor-widget-heading .elementor-heading-title.elementor-size-small{font-size:15px}.elementor-widget-heading .elementor-heading-title.elementor-size-medium{font-size:19px}.elementor-widget-heading .elementor-heading-title.elementor-size-large{font-size:29px}.elementor-widget-heading .elementor-heading-title.elementor-size-xl{font-size:39px}.elementor-widget-heading .elementor-heading-title.elementor-size-xxl{font-size:59px}<\/style>\n<h3>Ba\u015fkandan<\/h3>\n<p>\u201c\u0130\u015fi mutfakta \u00f6\u011frenmek diye bir yakla\u015f\u0131m vard\u0131r. Avrupa bunu s\u00f6zde de\u011fil eylemde de g\u00f6steriyor. Mutfaktaki a\u015f\u00e7\u0131 ba\u015f\u0131s\u0131n\u0131 en donan\u0131ml\u0131 \u015fekilde yeti\u015ftirmi\u015f. O sistemi otel y\u00f6netimine adapte edebilmi\u015f. Tabii T\u00fcrkiye\u2019de benim bu i\u015fe ba\u015flad\u0131\u011f\u0131m y\u0131llarda okullar bu kadar pop\u00fcler de\u011fildi. Mengen\u2019de 1 tane okul vard\u0131. \u015eimdi gastronomi anlam\u0131nda 4 y\u0131ll\u0131k okullar a\u00e7\u0131ld\u0131. \u00d6zel \u00fcniversiteler bu alanda yat\u0131r\u0131mlar yapmaya ba\u015flad\u0131. Bundan sonraki s\u00fcre\u00e7te eminim ki \u00e7o\u011fu genel m\u00fcd\u00fcr mutfaktan \u00e7\u0131kar. Mutfak otelin ciddi disiplin gerektiren b\u00f6l\u00fcmlerinden biri ve hata kabul etmez. Mutfakta sat\u0131n almay\u0131, maliyetleri, \u00fcr\u00fcn kalitesini \u00e7ok iyi bilmek zorundas\u0131n\u0131z. Asl\u0131nda mutfakta a\u015f\u00e7\u0131ba\u015f\u0131 oldu\u011funuz zaman finansal analizler yapabilmeniz gerekiyor. A\u015f\u00e7\u0131ba\u015f\u0131, sat\u0131\u015f aya\u011f\u0131n\u0131 da her zaman kuvvetlendiren kanallardan biri.\u201d<br \/>\nDiyen Ba\u015fkan\u0131m\u0131z, t\u00fcm \u00fcretim ve tesislerimizi, 5 y\u0131ld\u0131z otel ayr\u0131cal\u0131\u011f\u0131 ile kontrol edip; \u00fcretimi d\u00fcnya kalitesinde olma \u00e7abalr\u0131n\u0131 yans\u0131tmaktad\u0131r.<\/p>\n<p>Sayg\u0131lar\u0131m\u0131zla.<\/p>\n<h2>Hizmetlerimiz<\/h2>\n<p><a href=\"https:\/\/mayhoscatering.com\/?page_id=2011\" target=\"_self\" rel=\"noopener\"><img decoding=\"async\" width=\"595\" height=\"842\" src=\"https:\/\/mayhoscatering.com\/wp-content\/uploads\/2023\/10\/2.jpg\" alt=\"\" loading=\"lazy\" \/><\/a><a href=\"https:\/\/mayhoscatering.com\/?page_id=2011\" target=\"_self\" rel=\"noopener\"><\/p>\n<h3>CATERING H\u0130ZMETLER\u0130<\/h3>\n<p><\/a><a href=\"https:\/\/mayhoscatering.com\/?page_id=2011\" target=\"_self\" rel=\"noopener\">DETAYLAR<\/a><br \/>\n<a href=\"https:\/\/mayhoscatering.com\/?page_id=2011\" target=\"_self\" rel=\"noopener\"><img decoding=\"async\" width=\"595\" height=\"842\" src=\"https:\/\/mayhoscatering.com\/wp-content\/uploads\/2023\/10\/1_Calisma-Yuzeyi-1-kopya-3.jpg\" alt=\"\" loading=\"lazy\" \/><\/a><a href=\"https:\/\/mayhoscatering.com\/?page_id=2011\" target=\"_self\" rel=\"noopener\"><\/p>\n<h3>YER\u0130NDE YEMEK H\u0130ZMETLER\u0130<\/h3>\n<p><\/a><a href=\"https:\/\/mayhoscatering.com\/?page_id=2011\" target=\"_self\" rel=\"noopener\">DETAYLAR<\/a><br \/>\n<a href=\"https:\/\/mayhoscatering.com\/?page_id=2011\" target=\"_self\" rel=\"noopener\"><img decoding=\"async\" width=\"595\" height=\"842\" src=\"https:\/\/mayhoscatering.com\/wp-content\/uploads\/2023\/10\/1_Calisma-Yuzeyi-1-kopya-2.jpg\" alt=\"\" loading=\"lazy\" \/><\/a><a href=\"https:\/\/mayhoscatering.com\/?page_id=2011\" target=\"_self\" rel=\"noopener\"><\/p>\n<h3>TA\u015eIMA YEMEK H\u0130ZMETLER\u0130<\/h3>\n<p><\/a><a href=\"https:\/\/mayhoscatering.com\/?page_id=2011\" target=\"_self\" rel=\"noopener\">DETAYLAR<\/a><\/p>\n<h2>Mayho\u015f Catering<\/h2>\n<p>&#8220;Lezzetin ve Kalitenin Adresi&#8221;<\/p>\n","protected":false},"excerpt":{"rendered":"<p>Ba\u015fkandan \u201c\u0130\u015fi mutfakta \u00f6\u011frenmek diye bir yakla\u015f\u0131m vard\u0131r. Avrupa bunu s\u00f6zde de\u011fil eylemde de g\u00f6steriyor. Mutfaktaki a\u015f\u00e7\u0131 ba\u015f\u0131s\u0131n\u0131 en donan\u0131ml\u0131 \u015fekilde yeti\u015ftirmi\u015f. O sistemi otel y\u00f6netimine adapte edebilmi\u015f. Tabii T\u00fcrkiye\u2019de benim bu i\u015fe ba\u015flad\u0131\u011f\u0131m y\u0131llarda okullar bu kadar pop\u00fcler de\u011fildi. Mengen\u2019de 1 tane okul vard\u0131. \u015eimdi gastronomi anlam\u0131nda 4 y\u0131ll\u0131k okullar a\u00e7\u0131ld\u0131. \u00d6zel \u00fcniversiteler bu &hellip; <br \/><a href=\"https:\/\/mayhoscatering.com\/\" class=\"more-link\">Continue reading <span class=\"screen-reader-text\">Anasayfa<\/span><\/a><\/p>\n","protected":false},"author":1,"featured_media":0,"parent":0,"menu_order":0,"comment_status":"closed","ping_status":"closed","template":"","meta":{"footnotes":""},"class_list":["post-352","page","type-page","status-publish","hentry"],"_links":{"self":[{"href":"https:\/\/mayhoscatering.com\/index.php?rest_route=\/wp\/v2\/pages\/352","targetHints":{"allow":["GET"]}}],"collection":[{"href":"https:\/\/mayhoscatering.com\/index.php?rest_route=\/wp\/v2\/pages"}],"about":[{"href":"https:\/\/mayhoscatering.com\/index.php?rest_route=\/wp\/v2\/types\/page"}],"author":[{"embeddable":true,"href":"https:\/\/mayhoscatering.com\/index.php?rest_route=\/wp\/v2\/users\/1"}],"replies":[{"embeddable":true,"href":"https:\/\/mayhoscatering.com\/index.php?rest_route=%2Fwp%2Fv2%2Fcomments&post=352"}],"version-history":[{"count":57,"href":"https:\/\/mayhoscatering.com\/index.php?rest_route=\/wp\/v2\/pages\/352\/revisions"}],"predecessor-version":[{"id":4684,"href":"https:\/\/mayhoscatering.com\/index.php?rest_route=\/wp\/v2\/pages\/352\/revisions\/4684"}],"wp:attachment":[{"href":"https:\/\/mayhoscatering.com\/index.php?rest_route=%2Fwp%2Fv2%2Fmedia&parent=352"}],"curies":[{"name":"wp","href":"https:\/\/api.w.org\/{rel}","templated":true}]}}